{"id":2341,"date":"2019-11-09T08:39:28","date_gmt":"2019-11-09T07:39:28","guid":{"rendered":"https:\/\/boucherie-costa.ch\/?page_id=2341"},"modified":"2024-02-18T17:21:28","modified_gmt":"2024-02-18T16:21:28","slug":"allgemeine-geschaeftsbedingungen","status":"publish","type":"page","link":"https:\/\/boucherie-costa.ch\/de\/allgemeine-geschaeftsbedingungen\/","title":{"rendered":"Allgemeine Gesch\u00e4ftsbedingungen"},"content":{"rendered":"\n<h2 class=\"wp-block-heading\">Hygieneregeln, Lieferung, Zahlungen und R\u00fccksendungen.<\/h2>\n\n\n\n<ul class=\"wp-block-list\">\n<li><strong>Anwendungsbereich<\/strong><\/li>\n<\/ul>\n\n\n\n<p>Die vorliegenden Allgemeinen Gesch\u00e4ftsbedingungen gelten f\u00fcr alle Bestellungen, die \u00fcber unseren Online-Shop get\u00e4tigt werden.<\/p>\n\n\n\n<p>Sie k\u00f6nnen jederzeit ge\u00e4ndert werden. Es gilt die zum Zeitpunkt der Auftragserteilung g\u00fcltige Version.<br>geltenden Fassung ist anwendbar.<\/p>\n\n\n\n<p>Die Bilder und der Katalog dienen nur zu Illustrationszwecken. Diese dienen der Veranschaulichung und stellen daher keine vertraglichen Dokumente\/Bedingungen dar.<\/p>\n\n\n\n<hr class=\"wp-block-separator has-css-opacity\"\/>\n\n\n\n<ul class=\"wp-block-list\">\n<li><strong>Bestellung\/Vertragsabschluss<\/strong><\/li>\n<\/ul>\n\n\n\n<p>Eine online aufgegebene Bestellung gilt als Antrag auf Abschluss des Vertrags. Der Vertrag ist erst mit der Best\u00e4tigung der Bestellung rechtsg\u00fcltig abgeschlossen.<\/p>\n\n\n\n<p>Der Verk\u00e4ufer beh\u00e4lt sich das Recht vor, die Bestellung zum Zeitpunkt der Auftragsbest\u00e4tigung ganz oder teilweise abzulehnen, und zwar abh\u00e4ngig von den verf\u00fcgbaren Best\u00e4nden.<\/p>\n\n\n\n<hr class=\"wp-block-separator has-css-opacity\"\/>\n\n\n\n<ul class=\"wp-block-list\">\n<li><strong>Stornierung\/Abwesenheit<\/strong><\/li>\n<\/ul>\n\n\n\n<p>Bestellungen k\u00f6nnen nur und sp\u00e4testens 2 Stunden nach Erhalt der Auftragsbest\u00e4tigung storniert werden. Andernfalls wird der gesamte Rechnungsbetrag f\u00e4llig.<\/p>\n\n\n\n<p>Wenn die Option &#8222;Abholung im Laden&#8220; ausgew\u00e4hlt wurde und der K\u00e4ufer nicht zur Entgegennahme der Bestellung erscheint, wird eine Pauschale von CHF 50.00 berechnet.<\/p>\n\n\n\n<p>Sollte der K\u00e4ufer zum Zeitpunkt der Lieferung nicht anwesend sein, ist der gesamte Rechnungsbetrag f\u00e4llig.<\/p>\n\n\n\n<hr class=\"wp-block-separator has-css-opacity\"\/>\n\n\n\n<ul class=\"wp-block-list\">\n<li><strong>Preis<\/strong><\/li>\n<\/ul>\n\n\n\n<p>Die Preise verstehen sich in Schweizer Franken (inklusive Mehrwertsteuer).<\/p>\n\n\n\n<p>Die im Online-Shop f\u00fcr jedes Produkt (pro 100 g oder pro St\u00fcck) angegebenen Preise sind mit denen in unserer Metzgerei identisch.<\/p>\n\n\n\n<p>Die Kosten f\u00fcr Verpackung und Versand gehen vollst\u00e4ndig zu unseren Lasten.<\/p>\n\n\n\n<p>Der in der Bestellung und der Auftragsbest\u00e4tigung angegebene Betrag ist vorl\u00e4ufig. Die Artikel m\u00fcssen gewogen werden. Der Endpreis h\u00e4ngt somit von diesem Wiegen ab. Nur der Endbetrag, der auf der bei der Lieferung ausgeh\u00e4ndigten Rechnung angegeben ist, ist ma\u00dfgeblich.<\/p>\n\n\n\n<hr class=\"wp-block-separator has-css-opacity\"\/>\n\n\n\n<ul class=\"wp-block-list\">\n<li><strong>Lieferung<\/strong><\/li>\n<\/ul>\n\n\n\n<p>Die gelieferten Produkte werden vakuumverpackt und in einem K\u00fchllaster transportiert, ohne dass die K\u00fchlkette unterbrochen wird.<\/p>\n\n\n\n<p><strong>Die Frist f\u00fcr die Bearbeitung<\/strong> einer Bestellung betr\u00e4gt 24 Stunden au\u00dferhalb von Werktagen.<\/p>\n\n\n\n<p><strong>Samstagabend und Sonntag: <\/strong>Lieferung am Montag ab 12:00 Uhr.<\/p>\n\n\n\n<p>Lieferungen k\u00f6nnen auch an Tagen und zu Zeiten erfolgen, die mit dem K\u00e4ufer vereinbart wurden.<\/p>\n\n\n\n<p>Der K\u00e4ufer muss unbedingt zum Zeitpunkt der Lieferung anwesend sein.<\/p>\n\n\n\n<hr class=\"wp-block-separator has-css-opacity\"\/>\n\n\n\n<ul class=\"wp-block-list\">\n<li><strong>Zahlung<\/strong><\/li>\n<\/ul>\n\n\n\n<p>Die Zahlungsmittel sind:<\/p>\n\n\n\n<ul class=\"wp-block-list\">\n<li>Cash<\/li>\n\n\n\n<li>Kreditkarten<\/li>\n\n\n\n<li>Debitkarten, mit Ausnahme der Postcard<\/li>\n\n\n\n<li>Twint<\/li>\n\n\n\n<li>Auf Rechnung (auf Anfrage).<\/li>\n<\/ul>\n\n\n\n<hr class=\"wp-block-separator has-css-opacity\"\/>\n\n\n\n<ul class=\"wp-block-list\">\n<li><strong>Garantie und R\u00fcckgaberecht<\/strong><\/li>\n<\/ul>\n\n\n\n<p>Wir garantieren die absolute Frische unserer Produkte.<\/p>\n\n\n\n<p>Die K\u00fchlkette darf nicht unterbrochen werden. Die Produkte m\u00fcssen daher sofort nach der Lieferung vom K\u00e4ufer bei der richtigen Temperatur gelagert werden.<\/p>\n\n\n\n<p>Der K\u00e4ufer muss die Ware bei der Lieferung sofort kontrollieren.<\/p>\n\n\n\n<p>Nach Ablauf dieser Frist ist die Gew\u00e4hrleistung f\u00fcr M\u00e4ngel sowie f\u00fcr alle dem K\u00e4ufer zurechenbaren Ereignisse (unsachgem\u00e4\u00dfe Behandlung des Produkts oder Unterbrechung der K\u00fchlkette) ausdr\u00fccklich ausgeschlossen. <\/p>\n\n\n\n<ul class=\"wp-block-list\">\n<li><strong>Anwendbares Recht<\/strong><\/li>\n<\/ul>\n\n\n\n<p>Es gilt das materielle Recht der Schweiz.<\/p>\n\n\n\n<hr class=\"wp-block-separator has-css-opacity\"\/>\n\n\n\n<p><strong><a href=\"https:\/\/boucherie-costa.ch\/contact\/\">Wenn Sie weitere Fragen haben, z\u00f6gern Sie nicht, uns zu kontaktieren.<\/a><\/strong><\/p>\n\n\n\n<p><\/p>\n","protected":false},"excerpt":{"rendered":"<p>Hygieneregeln, Lieferung, Zahlungen und R\u00fccksendungen. Die vorliegenden Allgemeinen Gesch\u00e4ftsbedingungen gelten f\u00fcr alle Bestellungen, die \u00fcber unseren Online-Shop get\u00e4tigt werden. Sie k\u00f6nnen jederzeit ge\u00e4ndert werden. Es gilt die zum &#8230;<\/p>\n","protected":false},"author":1,"featured_media":0,"parent":0,"menu_order":0,"comment_status":"closed","ping_status":"open","template":"","meta":{"footnotes":""},"class_list":["post-2341","page","type-page","status-publish","hentry"],"yoast_head":"<!-- This site is optimized with the Yoast SEO plugin v27.4 - https:\/\/yoast.com\/product\/yoast-seo-wordpress\/ -->\n<title>Allgemeine Gesch\u00e4ftsbedingungen &#8226; Boucherie Costa - Yverdon-les-Bains<\/title>\n<meta name=\"robots\" content=\"index, follow, max-snippet:-1, max-image-preview:large, max-video-preview:-1\" \/>\n<link rel=\"canonical\" href=\"https:\/\/boucherie-costa.ch\/de\/allgemeine-geschaeftsbedingungen\/\" \/>\n<meta property=\"og:locale\" content=\"de_DE\" \/>\n<meta property=\"og:type\" content=\"article\" \/>\n<meta property=\"og:title\" content=\"Allgemeine Gesch\u00e4ftsbedingungen &#8226; Boucherie Costa - Yverdon-les-Bains\" \/>\n<meta property=\"og:description\" content=\"Hygieneregeln, Lieferung, Zahlungen und R\u00fccksendungen. Die vorliegenden Allgemeinen Gesch\u00e4ftsbedingungen gelten f\u00fcr alle Bestellungen, die \u00fcber unseren Online-Shop get\u00e4tigt werden. Sie k\u00f6nnen jederzeit ge\u00e4ndert werden. Es gilt die zum ...\" \/>\n<meta property=\"og:url\" content=\"https:\/\/boucherie-costa.ch\/de\/allgemeine-geschaeftsbedingungen\/\" \/>\n<meta property=\"og:site_name\" content=\"Boucherie Costa - Yverdon-les-Bains\" \/>\n<meta property=\"article:publisher\" content=\"https:\/\/www.facebook.com\/boucheriecosta\/\" \/>\n<meta property=\"article:modified_time\" content=\"2024-02-18T16:21:28+00:00\" \/>\n<meta name=\"twitter:label1\" content=\"Gesch\u00e4tzte Lesezeit\" \/>\n\t<meta name=\"twitter:data1\" content=\"3\u00a0Minuten\" \/>\n<script type=\"application\/ld+json\" class=\"yoast-schema-graph\">{\"@context\":\"https:\\\/\\\/schema.org\",\"@graph\":[{\"@type\":\"WebPage\",\"@id\":\"https:\\\/\\\/boucherie-costa.ch\\\/de\\\/allgemeine-geschaeftsbedingungen\\\/\",\"url\":\"https:\\\/\\\/boucherie-costa.ch\\\/de\\\/allgemeine-geschaeftsbedingungen\\\/\",\"name\":\"Allgemeine Gesch\u00e4ftsbedingungen &#8226; Boucherie Costa - Yverdon-les-Bains\",\"isPartOf\":{\"@id\":\"https:\\\/\\\/boucherie-costa.ch\\\/de\\\/#website\"},\"datePublished\":\"2019-11-09T07:39:28+00:00\",\"dateModified\":\"2024-02-18T16:21:28+00:00\",\"breadcrumb\":{\"@id\":\"https:\\\/\\\/boucherie-costa.ch\\\/de\\\/allgemeine-geschaeftsbedingungen\\\/#breadcrumb\"},\"inLanguage\":\"de\",\"potentialAction\":[{\"@type\":\"ReadAction\",\"target\":[\"https:\\\/\\\/boucherie-costa.ch\\\/de\\\/allgemeine-geschaeftsbedingungen\\\/\"]}]},{\"@type\":\"BreadcrumbList\",\"@id\":\"https:\\\/\\\/boucherie-costa.ch\\\/de\\\/allgemeine-geschaeftsbedingungen\\\/#breadcrumb\",\"itemListElement\":[{\"@type\":\"ListItem\",\"position\":1,\"name\":\"Accueil\",\"item\":\"https:\\\/\\\/boucherie-costa.ch\\\/de\\\/willkommen\\\/\"},{\"@type\":\"ListItem\",\"position\":2,\"name\":\"Allgemeine Gesch\u00e4ftsbedingungen\"}]},{\"@type\":\"WebSite\",\"@id\":\"https:\\\/\\\/boucherie-costa.ch\\\/de\\\/#website\",\"url\":\"https:\\\/\\\/boucherie-costa.ch\\\/de\\\/\",\"name\":\"Boucherie Costa - Yverdon-les-Bains\",\"description\":\"Anciennement Boucherie Paillard\",\"publisher\":{\"@id\":\"https:\\\/\\\/boucherie-costa.ch\\\/de\\\/#organization\"},\"potentialAction\":[{\"@type\":\"SearchAction\",\"target\":{\"@type\":\"EntryPoint\",\"urlTemplate\":\"https:\\\/\\\/boucherie-costa.ch\\\/de\\\/?s={search_term_string}\"},\"query-input\":{\"@type\":\"PropertyValueSpecification\",\"valueRequired\":true,\"valueName\":\"search_term_string\"}}],\"inLanguage\":\"de\"},{\"@type\":\"Organization\",\"@id\":\"https:\\\/\\\/boucherie-costa.ch\\\/de\\\/#organization\",\"name\":\"Boucherie COSTA\",\"url\":\"https:\\\/\\\/boucherie-costa.ch\\\/de\\\/\",\"logo\":{\"@type\":\"ImageObject\",\"inLanguage\":\"de\",\"@id\":\"https:\\\/\\\/boucherie-costa.ch\\\/de\\\/#\\\/schema\\\/logo\\\/image\\\/\",\"url\":\"https:\\\/\\\/boucherie-costa.ch\\\/wp-content\\\/uploads\\\/2019\\\/11\\\/Fichier-2.png\",\"contentUrl\":\"https:\\\/\\\/boucherie-costa.ch\\\/wp-content\\\/uploads\\\/2019\\\/11\\\/Fichier-2.png\",\"width\":600,\"height\":332,\"caption\":\"Boucherie COSTA\"},\"image\":{\"@id\":\"https:\\\/\\\/boucherie-costa.ch\\\/de\\\/#\\\/schema\\\/logo\\\/image\\\/\"},\"sameAs\":[\"https:\\\/\\\/www.facebook.com\\\/boucheriecosta\\\/\",\"https:\\\/\\\/www.youtube.com\\\/channel\\\/UCz4qdsH6tlY-O0NtfX6psGA\"]}]}<\/script>\n<!-- \/ Yoast SEO plugin. -->","yoast_head_json":{"title":"Allgemeine Gesch\u00e4ftsbedingungen &#8226; Boucherie Costa - Yverdon-les-Bains","robots":{"index":"index","follow":"follow","max-snippet":"max-snippet:-1","max-image-preview":"max-image-preview:large","max-video-preview":"max-video-preview:-1"},"canonical":"https:\/\/boucherie-costa.ch\/de\/allgemeine-geschaeftsbedingungen\/","og_locale":"de_DE","og_type":"article","og_title":"Allgemeine Gesch\u00e4ftsbedingungen &#8226; Boucherie Costa - Yverdon-les-Bains","og_description":"Hygieneregeln, Lieferung, Zahlungen und R\u00fccksendungen. Die vorliegenden Allgemeinen Gesch\u00e4ftsbedingungen gelten f\u00fcr alle Bestellungen, die \u00fcber unseren Online-Shop get\u00e4tigt werden. Sie k\u00f6nnen jederzeit ge\u00e4ndert werden. Es gilt die zum ...","og_url":"https:\/\/boucherie-costa.ch\/de\/allgemeine-geschaeftsbedingungen\/","og_site_name":"Boucherie Costa - Yverdon-les-Bains","article_publisher":"https:\/\/www.facebook.com\/boucheriecosta\/","article_modified_time":"2024-02-18T16:21:28+00:00","twitter_misc":{"Gesch\u00e4tzte Lesezeit":"3\u00a0Minuten"},"schema":{"@context":"https:\/\/schema.org","@graph":[{"@type":"WebPage","@id":"https:\/\/boucherie-costa.ch\/de\/allgemeine-geschaeftsbedingungen\/","url":"https:\/\/boucherie-costa.ch\/de\/allgemeine-geschaeftsbedingungen\/","name":"Allgemeine Gesch\u00e4ftsbedingungen &#8226; Boucherie Costa - Yverdon-les-Bains","isPartOf":{"@id":"https:\/\/boucherie-costa.ch\/de\/#website"},"datePublished":"2019-11-09T07:39:28+00:00","dateModified":"2024-02-18T16:21:28+00:00","breadcrumb":{"@id":"https:\/\/boucherie-costa.ch\/de\/allgemeine-geschaeftsbedingungen\/#breadcrumb"},"inLanguage":"de","potentialAction":[{"@type":"ReadAction","target":["https:\/\/boucherie-costa.ch\/de\/allgemeine-geschaeftsbedingungen\/"]}]},{"@type":"BreadcrumbList","@id":"https:\/\/boucherie-costa.ch\/de\/allgemeine-geschaeftsbedingungen\/#breadcrumb","itemListElement":[{"@type":"ListItem","position":1,"name":"Accueil","item":"https:\/\/boucherie-costa.ch\/de\/willkommen\/"},{"@type":"ListItem","position":2,"name":"Allgemeine Gesch\u00e4ftsbedingungen"}]},{"@type":"WebSite","@id":"https:\/\/boucherie-costa.ch\/de\/#website","url":"https:\/\/boucherie-costa.ch\/de\/","name":"Boucherie Costa - Yverdon-les-Bains","description":"Anciennement Boucherie Paillard","publisher":{"@id":"https:\/\/boucherie-costa.ch\/de\/#organization"},"potentialAction":[{"@type":"SearchAction","target":{"@type":"EntryPoint","urlTemplate":"https:\/\/boucherie-costa.ch\/de\/?s={search_term_string}"},"query-input":{"@type":"PropertyValueSpecification","valueRequired":true,"valueName":"search_term_string"}}],"inLanguage":"de"},{"@type":"Organization","@id":"https:\/\/boucherie-costa.ch\/de\/#organization","name":"Boucherie COSTA","url":"https:\/\/boucherie-costa.ch\/de\/","logo":{"@type":"ImageObject","inLanguage":"de","@id":"https:\/\/boucherie-costa.ch\/de\/#\/schema\/logo\/image\/","url":"https:\/\/boucherie-costa.ch\/wp-content\/uploads\/2019\/11\/Fichier-2.png","contentUrl":"https:\/\/boucherie-costa.ch\/wp-content\/uploads\/2019\/11\/Fichier-2.png","width":600,"height":332,"caption":"Boucherie COSTA"},"image":{"@id":"https:\/\/boucherie-costa.ch\/de\/#\/schema\/logo\/image\/"},"sameAs":["https:\/\/www.facebook.com\/boucheriecosta\/","https:\/\/www.youtube.com\/channel\/UCz4qdsH6tlY-O0NtfX6psGA"]}]}},"_links":{"self":[{"href":"https:\/\/boucherie-costa.ch\/de\/wp-json\/wp\/v2\/pages\/2341","targetHints":{"allow":["GET"]}}],"collection":[{"href":"https:\/\/boucherie-costa.ch\/de\/wp-json\/wp\/v2\/pages"}],"about":[{"href":"https:\/\/boucherie-costa.ch\/de\/wp-json\/wp\/v2\/types\/page"}],"author":[{"embeddable":true,"href":"https:\/\/boucherie-costa.ch\/de\/wp-json\/wp\/v2\/users\/1"}],"replies":[{"embeddable":true,"href":"https:\/\/boucherie-costa.ch\/de\/wp-json\/wp\/v2\/comments?post=2341"}],"version-history":[{"count":2,"href":"https:\/\/boucherie-costa.ch\/de\/wp-json\/wp\/v2\/pages\/2341\/revisions"}],"predecessor-version":[{"id":2344,"href":"https:\/\/boucherie-costa.ch\/de\/wp-json\/wp\/v2\/pages\/2341\/revisions\/2344"}],"wp:attachment":[{"href":"https:\/\/boucherie-costa.ch\/de\/wp-json\/wp\/v2\/media?parent=2341"}],"curies":[{"name":"wp","href":"https:\/\/api.w.org\/{rel}","templated":true}]}}